{"id":28,"date":"2024-05-09T14:07:12","date_gmt":"2024-05-09T14:07:12","guid":{"rendered":"https:\/\/content.principia.edu\/sites\/newzealand2024\/?page_id=28"},"modified":"2024-05-09T14:22:19","modified_gmt":"2024-05-09T14:22:19","slug":"about","status":"publish","type":"page","link":"https:\/\/content.principia.edu\/sites\/newzealand2024\/","title":{"rendered":"About"},"content":{"rendered":"\n<p>New Zealand, or Aotearoa \u201cThe Land of the Long White Cloud,\u201d is a country defined by its rich cultural traditions, natural beauty, and welcoming people.<\/p>\n\n\n\n<p>New Zealand\u2019s population of five million people is a melting-pot of cultures including M\u0101ori (16.5%), European (70%), Asian (15%) and Pacific Island (8.1%) influences. During this multimedia storytelling journey through Aotearoa\u2019s cultural landscape, students will see firsthand the country\u2019s diverse multicultural society and study how it strives to develop cross-cultural recognition and respect, particularly between the M\u0101ori (indigenous) and P\u0101keh\u0101 (non-M\u0101ori) people. During this four-week program, students will record interviews, photograph, film and write about the people and environment of the country, diving deep into what is at the heart of New Zealand\u2019s cultural and environmental landscape. The final project will represent students\u2019 impressions of multiculturalism and environmental changes in New Zealand through a visual story comprising still images, moving images, audio recordings, and writing.<\/p>\n\n\n\n<p>In the program\u2019s ongoing learning community, students will have daily reflections through journaling and discussion, as well as intentional activities to ensure they are gaining a deeper understanding, respect, and appreciation for other cultures and the land that inhabits them. Specifically, students will be interacting with locals, traveling throughout the country for immersive experiences in the cultural environment, delving into the relationship between the people and the land, observing the impact of global warming, and hiking on day trips both urban and rural. The program will visit maraes in the Bay of Islands and Rotorua. Visits in Auckland, Wellington, and Christchurch, will include M\u0101ori television, media outlets, museums, new and rebuilt architecture in Christchurch, as well as government agencies \u2013 like the Ministry of the Environment. These experiences will enrich the student\u2019s understanding of why and how the M\u0101ori and P\u0101keh\u0101 people actively work to provide equal opportunities and respect for cultural values.&nbsp;<\/p>\n\n\n\n<p>This program will also explore the cultural value of the natural environment. Recently, New Zealand granted \u201cliving person\u201d rights to several land features. And of equal significance will be the examination of the effects of global warming on New Zealand, a country that is expected to feel the effects of global warming at an accelerated pace. This will be an important part of the student\u2019s visual stories, as they capture the remarkable, yet fragile landscape, and learn how New Zealanders revere, care for, and respect their land and environment.<\/p>\n","protected":false},"excerpt":{"rendered":"<p>New Zealand, or Aotearoa \u201cThe Land of the Long White Cloud,\u201d is a country defined by its rich cultural traditions, natural beauty, and welcoming people. New Zealand\u2019s population of five million people is a melting-pot of cultures including M\u0101ori (16.5%), European (70%), Asian (15%) and Pacific Island (8.1%) influences. During this multimedia storytelling journey through [&hellip;]<\/p>\n","protected":false},"author":46,"featured_media":77,"parent":0,"menu_order":0,"comment_status":"closed","ping_status":"closed","template":"","meta":{"_monsterinsights_skip_tracking":false,"_monsterinsights_sitenote_active":false,"_monsterinsights_sitenote_note":"","_monsterinsights_sitenote_category":0,"ngg_post_thumbnail":0,"footnotes":""},"class_list":["post-28","page","type-page","status-publish","has-post-thumbnail","hentry"],"_links":{"self":[{"href":"https:\/\/content.principia.edu\/sites\/newzealand2024\/wp-json\/wp\/v2\/pages\/28","targetHints":{"allow":["GET"]}}],"collection":[{"href":"https:\/\/content.principia.edu\/sites\/newzealand2024\/wp-json\/wp\/v2\/pages"}],"about":[{"href":"https:\/\/content.principia.edu\/sites\/newzealand2024\/wp-json\/wp\/v2\/types\/page"}],"author":[{"embeddable":true,"href":"https:\/\/content.principia.edu\/sites\/newzealand2024\/wp-json\/wp\/v2\/users\/46"}],"replies":[{"embeddable":true,"href":"https:\/\/content.principia.edu\/sites\/newzealand2024\/wp-json\/wp\/v2\/comments?post=28"}],"version-history":[{"count":1,"href":"https:\/\/content.principia.edu\/sites\/newzealand2024\/wp-json\/wp\/v2\/pages\/28\/revisions"}],"predecessor-version":[{"id":29,"href":"https:\/\/content.principia.edu\/sites\/newzealand2024\/wp-json\/wp\/v2\/pages\/28\/revisions\/29"}],"wp:featuredmedia":[{"embeddable":true,"href":"https:\/\/content.principia.edu\/sites\/newzealand2024\/wp-json\/wp\/v2\/media\/77"}],"wp:attachment":[{"href":"https:\/\/content.principia.edu\/sites\/newzealand2024\/wp-json\/wp\/v2\/media?parent=28"}],"curies":[{"name":"wp","href":"https:\/\/api.w.org\/{rel}","templated":true}]}}