{"id":13,"date":"2019-04-26T19:29:35","date_gmt":"2019-04-26T19:29:35","guid":{"rendered":"http:\/\/content.principia.edu\/sites\/slovenia2019\/?page_id=13"},"modified":"2019-05-13T20:57:56","modified_gmt":"2019-05-13T20:57:56","slug":"itinerary","status":"publish","type":"page","link":"http:\/\/content.principia.edu\/sites\/slovenia2019\/itinerary\/","title":{"rendered":"Itinerary"},"content":{"rendered":"\n<p>There will\nnot be a typical day on this study abroad program, but here is a sense of what\nto expect. After morning individual and\/or group metaphysical time, we will\nhave classroom or excursion time. Coursework will involve reading and writing,\nexperimenting with translation, and most importantly visits\/interviews with\nwriters and translators whose works we will be reading while in Slovenia,\nCroatia, and Bosnia and Herzegovina.<\/p>\n\n\n\n<p>Students\nwill learn the basics of the Slovene language through a brief course at the\nCenter for Slovene Studies in Ljubljana. Day and afternoon trips to literary\nand culturally significant sites will include Kobarid, known for World War I\nand Ernest Hemingway; the Predjama castle in a cave; Lake Bled, a picturesque\nmountain lake with nearby waterfalls that have inspired poets and writers over\nthe centuries; Celje and its castle; the \u0160kocjan\ncaves, a UNESCO World Heritage site; the coastal town of Piran; not to mention\nmodern literary sites such as the Celica Hostel in the classic European capital\ncity Ljubljana.<\/p>\n\n\n\n<p>Our\nweek-plus in Croatia includes four days in the capital, Zagreb, where we\u2019ll\nmeet with authors and translators; a morning at the waterfall-filled Plitvice\nLakes National Park; two days in Zadar, where we hope to connect with some\nuniversity students; and a night and day on the Isle of Rab, where one of the\nnovels we read takes place. Tucked into the Croatia portion is a brief side\ntrip to Mostar, Bosnia and Herzegovina, where we\u2019ll see evidence of both the\ndestruction of the war in the 1990s and the reconstruction of the 16th-century\nOttoman bridge that had spanned the Neretva River for 427 years.<\/p>\n\n\n\n<p>Each day will require a sense of adventure and flexibility as we embark on our scheduled activities.<\/p>\n\n\n\n<table class=\"wp-block-table\"><tbody><tr><td><strong><em>LOCATION<\/em><\/strong>   <\/td><td width=\"120\"><strong><em>DAY<\/em><\/strong>   <\/td><td><strong><em>ITINERARY<\/em><\/strong>   <\/td><\/tr><tr><td><strong><em>WEEK   1<\/em><\/strong><br><strong>Ljubljana, Slovenia<\/strong>   <\/td><td>Monday   <\/td><td>Arrive in Ljubljana. Ljubljana orientation   &nbsp;   <\/td><\/tr><tr><td>\n  &nbsp;\n  <\/td><td>Tuesday   <\/td><td>Language Class #1<br>Tour of Ljubljana, including Baroque library<br>Castle visit<\/td><\/tr><tr><td>\n  &nbsp;\n  <\/td><td>Wednesday   <\/td><td>\u0160kocjan Cave<br>Vipava &#8211; Traditional music and dance, Predjama Grad&#8211;Castle in a cave<br>Testimony meeting   <\/td><\/tr><tr><td>\n  &nbsp;\n  <\/td><td>Thursday   <\/td><td>Language Class #2 <br>Marko Stabej, Center for Slovene as a Foreign Language &#8211; lecture and discussion at U of Ljubljana<br>Dinner\/discussion with author Erica Debeljak, and possible boat tour   <\/td><\/tr><tr><td>\n  &nbsp;\n  <\/td><td>Friday   <\/td><td>Homework\/cafe time<br>Ljubljana is Your Teacher Day<br>Open kitchen  <\/td><\/tr><tr><td><strong>Celje, Slovenia<\/strong>   <\/td><td>Saturday<\/td><td>Travel to Celje<br>Castle<br>Pokrajniski Musej (Roman and Counts of Celje sections)<br>Tree House at Celje City Forest   <\/td><\/tr><tr><td>\n  &nbsp;\n  <\/td><td>Sunday<\/td><td>Celje, continued<br>Church with group<br>Whitewater canoeing   <\/td><\/tr><tr><td><em>WEEK 2<\/em><br><strong>Ljubljana, Slovenia<\/strong><\/td><td>Monday   <\/td><td>Travel to Ljubljana<br>Prof. Jason Blake\u2019s American Short Story class U of Ljubljana Faculty of Arts)<br>Writer Andrej Blatnik\u2014Lecture on publishing in Slovenia and discussion of his work (U of L Faculty of Arts)   <\/td><\/tr><tr><td>\n  &nbsp;\n  <\/td><td>Tuesday   <\/td><td>Language Class #3<br>Translator chat at Slovene Writers\u2019 Association (Ur\u0161a Javorse\u010d and Du\u0161anka Zabukovec)<\/td><\/tr><tr><td>\n  &nbsp;\n  <\/td><td>Wednesday   <\/td><td>Velika Planina\/Kamnik<br>Possibly <em>Grad Strmol (castle setting of a novel we read) or Vrba (France Pre\u0161eren home)<\/em><br>Testimony meeting   <\/td><\/tr><tr><td><strong>Zagreb, Croatia<\/strong>   <strong>&nbsp;<\/strong>   &nbsp;   <\/td><td>Thursday   <\/td><td>Language Class #4<br>Travel to Zagreb<br>Explore orientation walk\/gelato   <\/td><\/tr><tr><td>\n  <strong>&nbsp;<\/strong>\n  <\/td><td>Friday   <\/td><td>Literary Zagreb Tour<br>Homework time<br>Class time to prep for author meetings   <\/td><\/tr><tr><td>\n  &nbsp;\n  <\/td><td>Saturday   <\/td><td>Meetings with Ivana Bodro\u017ei\u0107, author of <em>Hotel Tito<\/em>; and Ivan Sr\u0161en, author\/translator\/publisher   <\/td><\/tr><tr><td>\n  &nbsp;\n  <\/td><td>Sunday   <\/td><td>Church with group<br>Free day\/Homework (reading; writing)<br>Festival of the European Short Story opening talk    <\/td><\/tr><tr><td><em>WEEK 3 <\/em><strong>Grabovac (Plitvice), Croatia<\/strong><\/td><td>Monday   <\/td><td>Classical Zagreb Tour with Andrea Pisac and Iva<br>Travel to Plitvice Lakes National Park   <\/td><\/tr><tr><td><strong>Mostar, B-H<\/strong>   <\/td><td>Tuesday   <\/td><td>Morning at Plitvice Lakes National Park<br>Travel to Mostar, Bosnia and Herzegovina   <\/td><\/tr><tr><td><strong>Zadar, Croatia<\/strong>    <\/td><td>Wednesday   <\/td><td>Mostar City Tour<br>Exploring on own<br>Travel to Zadar<br>Testimony meeting (Sunset, Sea Organ)   <\/td><\/tr><tr><td>\n  &nbsp;\n  <\/td><td>Thursday   <\/td><td>Zadar City Tour<br>Connect with U of Zadar professor Sanja \u0160kifi\u0107    <\/td><\/tr><tr><td><strong>Rab, Croatia<\/strong><\/td><td>Friday    <\/td><td>U of Zadar class, discuss university education in US and Croatia (Prof. Sanja \u0160kifi\u0107)<br>Travel to Rab Island (setting of a novel we read)<\/td><\/tr><tr><td><strong>Nova Gorica, Slovenia<\/strong>   <\/td><td>Saturday   <\/td><td>Rab Island exploring<br>Travel to Nova Gorica   <\/td><\/tr><tr><td><strong>Bled, Slovenia<\/strong>   <\/td><td>Sunday   <\/td><td>Travel to Kobarid and Bled<br>Kobarid Outdoor Museum<br>Hike Ridge of Kolovrat &#8211; Mt. Na Gradu tour<br>Kobarid WWI Museum<br>Vr\u0161i\u010d Pass (stop at top and cafe)<br>Church  <\/td><\/tr><tr><td><em>WEEK 4<\/em><\/td><td>Monday   <\/td><td>Lake Bled<br>A day at the lake Potica baking workshop on the island   <\/td><\/tr><tr><td>\n  &nbsp;\n  <\/td><td>Tuesday   <\/td><td>Vintgar Gorge<br>Radovljica medieval town<br>Vrba<br>Grad Strmol (if not done earlier in program)<\/td><\/tr><tr><td><strong>Ljubljana, Slovenia<\/strong>   <\/td><td>Wednesday   <\/td><td>Testimony meeting<br>Travel to Ljubljana    <\/td><\/tr><tr><td>\n  &nbsp;\n  <\/td><td>Thursday   <\/td><td>Language Class #5<br>Celica Tour with Janko Ro\u017ei\u0107<br>Evening Ple\u010dnik architecture tour with Janko<\/td><\/tr><tr><td>\n  &nbsp;\n  <\/td><td>Friday<\/td><td>Ljubljana-Piran &#8211; Se\u010dovlje- Ljubljana (3\/4 day trip)<br>Se\u010dovlje Salina Nature Park (Salt Flats)<br>Piran (maybe tour)<br>Return to Ljubljana<br>Possible Slovene Writers\u2019 Association meeting with Ifigenia Simonovi\u0107<br>Open kitchen<\/td><\/tr><tr><td>\n  &nbsp;\n  <\/td><td>Saturday   <\/td><td>Work on final papers<br>Slovene Writers&#8217; Association Wreath of Sonnets Presentation at Pritli\u010dje, Ljubljana (moderated   by Erica Johnson Debeljak)<br>Farewell dinner   <\/td><\/tr><tr><td>\n  <strong>&nbsp;<\/strong>\n  <\/td><td>Sunday   <\/td><td>PROGRAM CONCLUDES IN   LJUBLJANA   <\/td><\/tr><\/tbody><\/table>\n","protected":false},"excerpt":{"rendered":"<p>There will not be a typical day on this study abroad program, but here is a sense of what to expect. After morning individual and\/or group metaphysical time, we will have classroom or excursion time. Coursework will involve reading and writing, experimenting with translation, and most importantly visits\/interviews with writers and translators whose works we &hellip; <\/p>\n<p class=\"link-more\"><a href=\"http:\/\/content.principia.edu\/sites\/slovenia2019\/itinerary\/\" class=\"more-link\">Continue reading<span class=\"screen-reader-text\"> &#8220;Itinerary&#8221;<\/span><\/a><\/p>\n","protected":false},"author":1,"featured_media":0,"parent":0,"menu_order":0,"comment_status":"closed","ping_status":"closed","template":"","meta":{"_monsterinsights_skip_tracking":false,"_monsterinsights_sitenote_active":false,"_monsterinsights_sitenote_note":"","_monsterinsights_sitenote_category":0,"ngg_post_thumbnail":0,"footnotes":""},"class_list":["post-13","page","type-page","status-publish","hentry"],"_links":{"self":[{"href":"http:\/\/content.principia.edu\/sites\/slovenia2019\/wp-json\/wp\/v2\/pages\/13","targetHints":{"allow":["GET"]}}],"collection":[{"href":"http:\/\/content.principia.edu\/sites\/slovenia2019\/wp-json\/wp\/v2\/pages"}],"about":[{"href":"http:\/\/content.principia.edu\/sites\/slovenia2019\/wp-json\/wp\/v2\/types\/page"}],"author":[{"embeddable":true,"href":"http:\/\/content.principia.edu\/sites\/slovenia2019\/wp-json\/wp\/v2\/users\/1"}],"replies":[{"embeddable":true,"href":"http:\/\/content.principia.edu\/sites\/slovenia2019\/wp-json\/wp\/v2\/comments?post=13"}],"version-history":[{"count":8,"href":"http:\/\/content.principia.edu\/sites\/slovenia2019\/wp-json\/wp\/v2\/pages\/13\/revisions"}],"predecessor-version":[{"id":132,"href":"http:\/\/content.principia.edu\/sites\/slovenia2019\/wp-json\/wp\/v2\/pages\/13\/revisions\/132"}],"wp:attachment":[{"href":"http:\/\/content.principia.edu\/sites\/slovenia2019\/wp-json\/wp\/v2\/media?parent=13"}],"curies":[{"name":"wp","href":"https:\/\/api.w.org\/{rel}","templated":true}]}}